{"id":1273,"date":"2025-12-18T16:50:02","date_gmt":"2025-12-18T14:50:02","guid":{"rendered":"https:\/\/www.bateabarcelona.com\/esdeveniments\/"},"modified":"2026-02-06T14:03:19","modified_gmt":"2026-02-06T12:03:19","slug":"esdeveniments","status":"publish","type":"page","link":"https:\/\/www.bateabarcelona.com\/ca\/esdeveniments\/","title":{"rendered":"Eventos CA"},"content":{"rendered":"\t\t<div data-elementor-type=\"wp-page\" data-elementor-id=\"1273\" class=\"elementor elementor-1273 elementor-709\" data-elementor-post-type=\"page\">\n\t\t\t\t<div class=\"elementor-element elementor-element-bc6ad6d e-con-full e-flex e-con e-parent\" data-id=\"bc6ad6d\" data-element_type=\"container\" data-e-type=\"container\">\n\t\t<div class=\"elementor-element elementor-element-272006c e-con-full e-flex e-con e-child\" data-id=\"272006c\" data-element_type=\"container\" data-e-type=\"container\" data-settings=\"{&quot;background_background&quot;:&quot;classic&quot;}\">\n\t\t\t\t<\/div>\n\t\t<div class=\"elementor-element elementor-element-ab201a6 e-con-full e-flex e-con e-child\" data-id=\"ab201a6\" data-element_type=\"container\" data-e-type=\"container\" data-settings=\"{&quot;background_background&quot;:&quot;classic&quot;}\">\n\t\t\t\t<div class=\"elementor-element elementor-element-2d3b014 elementor-widget__width-auto elementor-invisible elementor-widget elementor-widget-heading\" data-id=\"2d3b014\" data-element_type=\"widget\" data-e-type=\"widget\" data-settings=\"{&quot;_animation&quot;:&quot;fadeInUp&quot;}\" data-widget_type=\"heading.default\">\n\t\t\t\t\t<h2 class=\"elementor-heading-title elementor-size-default\">ESDEVENIMENTS<\/h2>\t\t\t\t<\/div>\n\t\t\t\t<div class=\"elementor-element elementor-element-0706ad0 elementor-widget__width-initial elementor-invisible elementor-widget elementor-widget-text-editor\" data-id=\"0706ad0\" data-element_type=\"widget\" data-e-type=\"widget\" data-settings=\"{&quot;_animation&quot;:&quot;fadeInUp&quot;}\" data-widget_type=\"text-editor.default\">\n\t\t\t\t\t\t\t\t\t<p>En una ubicaci\u00f3 emblem\u00e0tica, al costat de l&#8217;Hotel Avinguda Palace, a la cantonada de Gran Via amb Passeig de Gr\u00e0cia, Batea ofereix un entorn singular on l&#8217;arquitectura i l&#8217;atmosfera acompanyen cada celebraci\u00f3. Descobreix els espais que acullen els nostres esdeveniments. <\/p>\t\t\t\t\t\t\t\t<\/div>\n\t\t\t\t<div class=\"elementor-element elementor-element-e5f9bc0 elementor-widget elementor-widget-button\" data-id=\"e5f9bc0\" data-element_type=\"widget\" data-e-type=\"widget\" data-widget_type=\"button.default\">\n\t\t\t\t\t\t\t\t\t\t<a class=\"elementor-button elementor-button-link elementor-size-sm\" href=\"mailto:info@bateabarcelona.com\" target=\"_blank\">\n\t\t\t\t\t\t<span class=\"elementor-button-content-wrapper\">\n\t\t\t\t\t\t\t\t\t<span class=\"elementor-button-text\">Consultar informaci\u00f3 d'esdeveniments<\/span>\n\t\t\t\t\t<\/span>\n\t\t\t\t\t<\/a>\n\t\t\t\t\t\t\t\t<\/div>\n\t\t\t\t<\/div>\n\t\t\t\t<\/div>\n\t\t<div class=\"elementor-element elementor-element-e7e47b2 e-flex e-con-boxed e-con e-parent\" data-id=\"e7e47b2\" data-element_type=\"container\" data-e-type=\"container\" data-settings=\"{&quot;background_background&quot;:&quot;classic&quot;}\">\n\t\t\t\t\t<div class=\"e-con-inner\">\n\t\t<div class=\"elementor-element elementor-element-bfb508b e-con-full e-flex elementor-invisible e-con e-child\" data-id=\"bfb508b\" data-element_type=\"container\" data-e-type=\"container\" data-settings=\"{&quot;animation&quot;:&quot;fadeInUp&quot;}\">\n\t\t<div class=\"elementor-element elementor-element-ec589f3 e-con-full e-flex e-con e-child\" data-id=\"ec589f3\" data-element_type=\"container\" data-e-type=\"container\" data-settings=\"{&quot;background_background&quot;:&quot;classic&quot;}\">\n\t\t\t\t<div class=\"elementor-element elementor-element-2ce386f elementor-absolute elementor-hidden-tablet elementor-hidden-mobile elementor-widget elementor-widget-image\" data-id=\"2ce386f\" data-element_type=\"widget\" data-e-type=\"widget\" data-settings=\"{&quot;_position&quot;:&quot;absolute&quot;}\" data-widget_type=\"image.default\">\n\t\t\t\t\t\t\t\t\t\t\t\t\t\t\t<img fetchpriority=\"high\" decoding=\"async\" width=\"777\" height=\"1024\" src=\"https:\/\/www.bateabarcelona.com\/wp-content\/uploads\/2025\/11\/Recurso-2-777x1024.png\" class=\"attachment-large size-large wp-image-1226\" alt=\"\" srcset=\"https:\/\/www.bateabarcelona.com\/wp-content\/uploads\/2025\/11\/Recurso-2-777x1024.png 777w, https:\/\/www.bateabarcelona.com\/wp-content\/uploads\/2025\/11\/Recurso-2-228x300.png 228w, https:\/\/www.bateabarcelona.com\/wp-content\/uploads\/2025\/11\/Recurso-2-768x1013.png 768w, https:\/\/www.bateabarcelona.com\/wp-content\/uploads\/2025\/11\/Recurso-2.png 782w\" sizes=\"(max-width: 777px) 100vw, 777px\" \/>\t\t\t\t\t\t\t\t\t\t\t\t\t\t\t<\/div>\n\t\t\t\t<div class=\"elementor-element elementor-element-e239ea4 elementor-widget elementor-widget-heading\" data-id=\"e239ea4\" data-element_type=\"widget\" data-e-type=\"widget\" data-widget_type=\"heading.default\">\n\t\t\t\t\t<h2 class=\"elementor-heading-title elementor-size-default\">Gran Sal\u00f3<\/h2>\t\t\t\t<\/div>\n\t\t\t\t<div class=\"elementor-element elementor-element-fd85666 elementor-widget__width-initial elementor-widget elementor-widget-text-editor\" data-id=\"fd85666\" data-element_type=\"widget\" data-e-type=\"widget\" data-widget_type=\"text-editor.default\">\n\t\t\t\t\t\t\t\t\t<p>Capacitat m\u00e0xima:<\/p>\t\t\t\t\t\t\t\t<\/div>\n\t\t\t\t<div class=\"elementor-element elementor-element-2c87cdf elementor-widget__width-initial elementor-widget elementor-widget-text-editor\" data-id=\"2c87cdf\" data-element_type=\"widget\" data-e-type=\"widget\" data-widget_type=\"text-editor.default\">\n\t\t\t\t\t\t\t\t\t<p>Fins a 250 comensals, ideal per a esdeveniments corporatius, celebracions privades o trobades socials de gran escala.<\/p>\t\t\t\t\t\t\t\t<\/div>\n\t\t\t\t<\/div>\n\t\t<div class=\"elementor-element elementor-element-2100dc7 e-con-full e-flex e-con e-child\" data-id=\"2100dc7\" data-element_type=\"container\" data-e-type=\"container\" data-settings=\"{&quot;background_background&quot;:&quot;classic&quot;}\">\n\t\t\t\t<\/div>\n\t\t\t\t<\/div>\n\t\t<div class=\"elementor-element elementor-element-7ce44f6 e-con-full e-flex elementor-invisible e-con e-child\" data-id=\"7ce44f6\" data-element_type=\"container\" data-e-type=\"container\" data-settings=\"{&quot;animation&quot;:&quot;fadeInUp&quot;}\">\n\t\t<div class=\"elementor-element elementor-element-0bf6b0b e-con-full e-flex e-con e-child\" data-id=\"0bf6b0b\" data-element_type=\"container\" data-e-type=\"container\" data-settings=\"{&quot;background_background&quot;:&quot;classic&quot;}\">\n\t\t\t\t<\/div>\n\t\t<div class=\"elementor-element elementor-element-1343f2c e-con-full e-flex e-con e-child\" data-id=\"1343f2c\" data-element_type=\"container\" data-e-type=\"container\" data-settings=\"{&quot;background_background&quot;:&quot;classic&quot;}\">\n\t\t\t\t<div class=\"elementor-element elementor-element-5b9ec88 elementor-absolute elementor-hidden-tablet elementor-hidden-mobile elementor-widget elementor-widget-image\" data-id=\"5b9ec88\" data-element_type=\"widget\" data-e-type=\"widget\" data-settings=\"{&quot;_position&quot;:&quot;absolute&quot;}\" data-widget_type=\"image.default\">\n\t\t\t\t\t\t\t\t\t\t\t\t\t\t\t<img decoding=\"async\" width=\"408\" height=\"1013\" src=\"https:\/\/www.bateabarcelona.com\/wp-content\/uploads\/2025\/11\/Recurso-13.png\" class=\"attachment-large size-large wp-image-1245\" alt=\"\" srcset=\"https:\/\/www.bateabarcelona.com\/wp-content\/uploads\/2025\/11\/Recurso-13.png 408w, https:\/\/www.bateabarcelona.com\/wp-content\/uploads\/2025\/11\/Recurso-13-121x300.png 121w\" sizes=\"(max-width: 408px) 100vw, 408px\" \/>\t\t\t\t\t\t\t\t\t\t\t\t\t\t\t<\/div>\n\t\t\t\t<div class=\"elementor-element elementor-element-12d47ab elementor-widget elementor-widget-heading\" data-id=\"12d47ab\" data-element_type=\"widget\" data-e-type=\"widget\" data-widget_type=\"heading.default\">\n\t\t\t\t\t<h2 class=\"elementor-heading-title elementor-size-default\">SAL\u00d3 TERRASSA<\/h2>\t\t\t\t<\/div>\n\t\t\t\t<div class=\"elementor-element elementor-element-1595045 elementor-widget__width-initial elementor-widget elementor-widget-text-editor\" data-id=\"1595045\" data-element_type=\"widget\" data-e-type=\"widget\" data-widget_type=\"text-editor.default\">\n\t\t\t\t\t\t\t\t\t<p>Capacitat m\u00e0xima:<\/p>\t\t\t\t\t\t\t\t<\/div>\n\t\t\t\t<div class=\"elementor-element elementor-element-c9e4df0 elementor-widget__width-initial elementor-widget elementor-widget-text-editor\" data-id=\"c9e4df0\" data-element_type=\"widget\" data-e-type=\"widget\" data-widget_type=\"text-editor.default\">\n\t\t\t\t\t\t\t\t\t<p>Fins a 50-100 comensals, ideal per a esdeveniments corporatius, celebracions privades o trobades socials de gran escala.<\/p>\t\t\t\t\t\t\t\t<\/div>\n\t\t\t\t<\/div>\n\t\t\t\t<\/div>\n\t\t<div class=\"elementor-element elementor-element-8f32ed9 e-con-full e-flex elementor-invisible e-con e-child\" data-id=\"8f32ed9\" data-element_type=\"container\" data-e-type=\"container\" data-settings=\"{&quot;animation&quot;:&quot;fadeInUp&quot;}\">\n\t\t<div class=\"elementor-element elementor-element-59c45db e-con-full e-flex e-con e-child\" data-id=\"59c45db\" data-element_type=\"container\" data-e-type=\"container\" data-settings=\"{&quot;background_background&quot;:&quot;classic&quot;}\">\n\t\t\t\t<div class=\"elementor-element elementor-element-d5201e0 elementor-absolute elementor-hidden-tablet elementor-hidden-mobile elementor-widget elementor-widget-image\" data-id=\"d5201e0\" data-element_type=\"widget\" data-e-type=\"widget\" data-settings=\"{&quot;_position&quot;:&quot;absolute&quot;}\" data-widget_type=\"image.default\">\n\t\t\t\t\t\t\t\t\t\t\t\t\t\t\t<img decoding=\"async\" width=\"800\" height=\"500\" src=\"https:\/\/www.bateabarcelona.com\/wp-content\/uploads\/2025\/11\/Recurso-10-1024x640.png\" class=\"attachment-large size-large wp-image-1225\" alt=\"\" srcset=\"https:\/\/www.bateabarcelona.com\/wp-content\/uploads\/2025\/11\/Recurso-10-1024x640.png 1024w, https:\/\/www.bateabarcelona.com\/wp-content\/uploads\/2025\/11\/Recurso-10-300x187.png 300w, https:\/\/www.bateabarcelona.com\/wp-content\/uploads\/2025\/11\/Recurso-10-768x480.png 768w, https:\/\/www.bateabarcelona.com\/wp-content\/uploads\/2025\/11\/Recurso-10.png 1068w\" sizes=\"(max-width: 800px) 100vw, 800px\" \/>\t\t\t\t\t\t\t\t\t\t\t\t\t\t\t<\/div>\n\t\t\t\t<div class=\"elementor-element elementor-element-7ae749e elementor-widget elementor-widget-heading\" data-id=\"7ae749e\" data-element_type=\"widget\" data-e-type=\"widget\" data-widget_type=\"heading.default\">\n\t\t\t\t\t<h2 class=\"elementor-heading-title elementor-size-default\">SAL\u00d3 DAURAT<\/h2>\t\t\t\t<\/div>\n\t\t\t\t<div class=\"elementor-element elementor-element-459965d elementor-widget__width-initial elementor-widget elementor-widget-text-editor\" data-id=\"459965d\" data-element_type=\"widget\" data-e-type=\"widget\" data-widget_type=\"text-editor.default\">\n\t\t\t\t\t\t\t\t\t<p>Capacitat m\u00e0xima:<\/p>\t\t\t\t\t\t\t\t<\/div>\n\t\t\t\t<div class=\"elementor-element elementor-element-9944134 elementor-widget__width-initial elementor-widget elementor-widget-text-editor\" data-id=\"9944134\" data-element_type=\"widget\" data-e-type=\"widget\" data-widget_type=\"text-editor.default\">\n\t\t\t\t\t\t\t\t\t<p>Fins a 22 comensals, ideal per a esdeveniments corporatius, celebracions privades o trobades socials de gran escala.<\/p>\t\t\t\t\t\t\t\t<\/div>\n\t\t\t\t<\/div>\n\t\t<div class=\"elementor-element elementor-element-0ee3aba e-con-full e-flex e-con e-child\" data-id=\"0ee3aba\" data-element_type=\"container\" data-e-type=\"container\" data-settings=\"{&quot;background_background&quot;:&quot;classic&quot;}\">\n\t\t\t\t<\/div>\n\t\t\t\t<\/div>\n\t\t<div class=\"elementor-element elementor-element-43d802e e-con-full e-flex elementor-invisible e-con e-child\" data-id=\"43d802e\" data-element_type=\"container\" data-e-type=\"container\" data-settings=\"{&quot;animation&quot;:&quot;fadeInUp&quot;}\">\n\t\t<div class=\"elementor-element elementor-element-b6e5740 e-con-full e-flex e-con e-child\" data-id=\"b6e5740\" data-element_type=\"container\" data-e-type=\"container\" data-settings=\"{&quot;background_background&quot;:&quot;classic&quot;}\">\n\t\t\t\t<\/div>\n\t\t<div class=\"elementor-element elementor-element-c951a47 e-con-full e-flex e-con e-child\" data-id=\"c951a47\" data-element_type=\"container\" data-e-type=\"container\" data-settings=\"{&quot;background_background&quot;:&quot;classic&quot;}\">\n\t\t\t\t<div class=\"elementor-element elementor-element-df468d4 elementor-absolute elementor-hidden-tablet elementor-hidden-mobile elementor-widget elementor-widget-image\" data-id=\"df468d4\" data-element_type=\"widget\" data-e-type=\"widget\" data-settings=\"{&quot;_position&quot;:&quot;absolute&quot;}\" data-widget_type=\"image.default\">\n\t\t\t\t\t\t\t\t\t\t\t\t\t\t\t<img decoding=\"async\" width=\"408\" height=\"1013\" src=\"https:\/\/www.bateabarcelona.com\/wp-content\/uploads\/2025\/11\/Recurso-13.png\" class=\"attachment-large size-large wp-image-1245\" alt=\"\" srcset=\"https:\/\/www.bateabarcelona.com\/wp-content\/uploads\/2025\/11\/Recurso-13.png 408w, https:\/\/www.bateabarcelona.com\/wp-content\/uploads\/2025\/11\/Recurso-13-121x300.png 121w\" sizes=\"(max-width: 408px) 100vw, 408px\" \/>\t\t\t\t\t\t\t\t\t\t\t\t\t\t\t<\/div>\n\t\t\t\t<div class=\"elementor-element elementor-element-118e380 elementor-widget elementor-widget-heading\" data-id=\"118e380\" data-element_type=\"widget\" data-e-type=\"widget\" data-widget_type=\"heading.default\">\n\t\t\t\t\t<h2 class=\"elementor-heading-title elementor-size-default\">RESTAURANT:\nBATEA<\/h2>\t\t\t\t<\/div>\n\t\t\t\t<div class=\"elementor-element elementor-element-ee1d664 elementor-widget__width-initial elementor-widget elementor-widget-text-editor\" data-id=\"ee1d664\" data-element_type=\"widget\" data-e-type=\"widget\" data-widget_type=\"text-editor.default\">\n\t\t\t\t\t\t\t\t\t<p>Capacitat m\u00e0xima:<\/p>\t\t\t\t\t\t\t\t<\/div>\n\t\t\t\t<div class=\"elementor-element elementor-element-e6898c3 elementor-widget__width-initial elementor-widget elementor-widget-text-editor\" data-id=\"e6898c3\" data-element_type=\"widget\" data-e-type=\"widget\" data-widget_type=\"text-editor.default\">\n\t\t\t\t\t\t\t\t\t<p>Fins a 35 a 50 comensals, ideal per a esdeveniments corporatius, celebracions privades o trobades socials de gran escala.<\/p>\t\t\t\t\t\t\t\t<\/div>\n\t\t\t\t<\/div>\n\t\t\t\t<\/div>\n\t\t\t\t\t<\/div>\n\t\t\t\t<\/div>\n\t\t\t\t<\/div>\n\t\t","protected":false},"excerpt":{"rendered":"<p>ESDEVENIMENTS En una ubicaci\u00f3 emblem\u00e0tica, al costat de l&#8217;Hotel Avinguda Palace, a la cantonada de Gran Via amb Passeig de Gr\u00e0cia, Batea ofereix un entorn singular on l&#8217;arquitectura i l&#8217;atmosfera acompanyen cada celebraci\u00f3. Descobreix els espais que acullen els nostres esdeveniments. Consultar informaci\u00f3 d&#8217;esdeveniments Gran Sal\u00f3 Capacitat m\u00e0xima: Fins a 250 comensals, ideal per a [&hellip;]<\/p>\n","protected":false},"author":1,"featured_media":0,"parent":0,"menu_order":0,"comment_status":"closed","ping_status":"closed","template":"","meta":{"footnotes":""},"class_list":["post-1273","page","type-page","status-publish","hentry"],"yoast_head":"<!-- This site is optimized with the Yoast SEO plugin v26.9 - https:\/\/yoast.com\/product\/yoast-seo-wordpress\/ -->\n<title>Batea - Esdeveniments<\/title>\n<meta name=\"description\" content=\"Batea ofereix un entorn singular on l&#039;arquitectura i l&#039;atmosfera acompanyen cada celebraci\u00f3. Descobreix els espais que acullen els nostres esdeveniments.\" \/>\n<meta name=\"robots\" content=\"index, follow, max-snippet:-1, max-image-preview:large, max-video-preview:-1\" \/>\n<link rel=\"canonical\" href=\"https:\/\/www.bateabarcelona.com\/ca\/esdeveniments\/\" \/>\n<meta property=\"og:locale\" content=\"ca_ES\" \/>\n<meta property=\"og:type\" content=\"article\" \/>\n<meta property=\"og:title\" content=\"Batea - Esdeveniments\" \/>\n<meta property=\"og:description\" content=\"Batea ofereix un entorn singular on l&#039;arquitectura i l&#039;atmosfera acompanyen cada celebraci\u00f3. Descobreix els espais que acullen els nostres esdeveniments.\" \/>\n<meta property=\"og:url\" content=\"https:\/\/www.bateabarcelona.com\/ca\/esdeveniments\/\" \/>\n<meta property=\"og:site_name\" content=\"BATEA\" \/>\n<meta property=\"article:modified_time\" content=\"2026-02-06T12:03:19+00:00\" \/>\n<meta property=\"og:image\" content=\"https:\/\/www.bateabarcelona.com\/wp-content\/uploads\/2025\/11\/Recurso-2.png\" \/>\n\t<meta property=\"og:image:width\" content=\"782\" \/>\n\t<meta property=\"og:image:height\" content=\"1031\" \/>\n\t<meta property=\"og:image:type\" content=\"image\/png\" \/>\n<meta name=\"twitter:card\" content=\"summary_large_image\" \/>\n<meta name=\"twitter:label1\" content=\"Temps estimat de lectura\" \/>\n\t<meta name=\"twitter:data1\" content=\"1 minut\" \/>\n<script type=\"application\/ld+json\" class=\"yoast-schema-graph\">{\"@context\":\"https:\/\/schema.org\",\"@graph\":[{\"@type\":\"WebPage\",\"@id\":\"https:\/\/www.bateabarcelona.com\/ca\/esdeveniments\/\",\"url\":\"https:\/\/www.bateabarcelona.com\/ca\/esdeveniments\/\",\"name\":\"Batea - Esdeveniments\",\"isPartOf\":{\"@id\":\"https:\/\/www.bateabarcelona.com\/ca\/#website\"},\"primaryImageOfPage\":{\"@id\":\"https:\/\/www.bateabarcelona.com\/ca\/esdeveniments\/#primaryimage\"},\"image\":{\"@id\":\"https:\/\/www.bateabarcelona.com\/ca\/esdeveniments\/#primaryimage\"},\"thumbnailUrl\":\"https:\/\/www.bateabarcelona.com\/wp-content\/uploads\/2025\/11\/Recurso-2-777x1024.png\",\"datePublished\":\"2025-12-18T14:50:02+00:00\",\"dateModified\":\"2026-02-06T12:03:19+00:00\",\"description\":\"Batea ofereix un entorn singular on l'arquitectura i l'atmosfera acompanyen cada celebraci\u00f3. Descobreix els espais que acullen els nostres esdeveniments.\",\"breadcrumb\":{\"@id\":\"https:\/\/www.bateabarcelona.com\/ca\/esdeveniments\/#breadcrumb\"},\"inLanguage\":\"ca\",\"potentialAction\":[{\"@type\":\"ReadAction\",\"target\":[\"https:\/\/www.bateabarcelona.com\/ca\/esdeveniments\/\"]}]},{\"@type\":\"ImageObject\",\"inLanguage\":\"ca\",\"@id\":\"https:\/\/www.bateabarcelona.com\/ca\/esdeveniments\/#primaryimage\",\"url\":\"https:\/\/www.bateabarcelona.com\/wp-content\/uploads\/2025\/11\/Recurso-2-777x1024.png\",\"contentUrl\":\"https:\/\/www.bateabarcelona.com\/wp-content\/uploads\/2025\/11\/Recurso-2-777x1024.png\"},{\"@type\":\"BreadcrumbList\",\"@id\":\"https:\/\/www.bateabarcelona.com\/ca\/esdeveniments\/#breadcrumb\",\"itemListElement\":[{\"@type\":\"ListItem\",\"position\":1,\"name\":\"Portada\",\"item\":\"https:\/\/www.bateabarcelona.com\/ca\/batea\/\"},{\"@type\":\"ListItem\",\"position\":2,\"name\":\"Eventos CA\"}]},{\"@type\":\"WebSite\",\"@id\":\"https:\/\/www.bateabarcelona.com\/ca\/#website\",\"url\":\"https:\/\/www.bateabarcelona.com\/ca\/\",\"name\":\"BATEA\",\"description\":\"\",\"publisher\":{\"@id\":\"https:\/\/www.bateabarcelona.com\/ca\/#organization\"},\"potentialAction\":[{\"@type\":\"SearchAction\",\"target\":{\"@type\":\"EntryPoint\",\"urlTemplate\":\"https:\/\/www.bateabarcelona.com\/ca\/?s={search_term_string}\"},\"query-input\":{\"@type\":\"PropertyValueSpecification\",\"valueRequired\":true,\"valueName\":\"search_term_string\"}}],\"inLanguage\":\"ca\"},{\"@type\":\"Organization\",\"@id\":\"https:\/\/www.bateabarcelona.com\/ca\/#organization\",\"name\":\"BATEA\",\"url\":\"https:\/\/www.bateabarcelona.com\/ca\/\",\"logo\":{\"@type\":\"ImageObject\",\"inLanguage\":\"ca\",\"@id\":\"https:\/\/www.bateabarcelona.com\/ca\/#\/schema\/logo\/image\/\",\"url\":\"https:\/\/www.bateabarcelona.com\/wp-content\/uploads\/2025\/11\/BATEA_LOGO.svg\",\"contentUrl\":\"https:\/\/www.bateabarcelona.com\/wp-content\/uploads\/2025\/11\/BATEA_LOGO.svg\",\"width\":841,\"height\":295,\"caption\":\"BATEA\"},\"image\":{\"@id\":\"https:\/\/www.bateabarcelona.com\/ca\/#\/schema\/logo\/image\/\"}}]}<\/script>\n<!-- \/ Yoast SEO plugin. -->","yoast_head_json":{"title":"Batea - Esdeveniments","description":"Batea ofereix un entorn singular on l'arquitectura i l'atmosfera acompanyen cada celebraci\u00f3. Descobreix els espais que acullen els nostres esdeveniments.","robots":{"index":"index","follow":"follow","max-snippet":"max-snippet:-1","max-image-preview":"max-image-preview:large","max-video-preview":"max-video-preview:-1"},"canonical":"https:\/\/www.bateabarcelona.com\/ca\/esdeveniments\/","og_locale":"ca_ES","og_type":"article","og_title":"Batea - Esdeveniments","og_description":"Batea ofereix un entorn singular on l'arquitectura i l'atmosfera acompanyen cada celebraci\u00f3. Descobreix els espais que acullen els nostres esdeveniments.","og_url":"https:\/\/www.bateabarcelona.com\/ca\/esdeveniments\/","og_site_name":"BATEA","article_modified_time":"2026-02-06T12:03:19+00:00","og_image":[{"width":782,"height":1031,"url":"https:\/\/www.bateabarcelona.com\/wp-content\/uploads\/2025\/11\/Recurso-2.png","type":"image\/png"}],"twitter_card":"summary_large_image","twitter_misc":{"Temps estimat de lectura":"1 minut"},"schema":{"@context":"https:\/\/schema.org","@graph":[{"@type":"WebPage","@id":"https:\/\/www.bateabarcelona.com\/ca\/esdeveniments\/","url":"https:\/\/www.bateabarcelona.com\/ca\/esdeveniments\/","name":"Batea - Esdeveniments","isPartOf":{"@id":"https:\/\/www.bateabarcelona.com\/ca\/#website"},"primaryImageOfPage":{"@id":"https:\/\/www.bateabarcelona.com\/ca\/esdeveniments\/#primaryimage"},"image":{"@id":"https:\/\/www.bateabarcelona.com\/ca\/esdeveniments\/#primaryimage"},"thumbnailUrl":"https:\/\/www.bateabarcelona.com\/wp-content\/uploads\/2025\/11\/Recurso-2-777x1024.png","datePublished":"2025-12-18T14:50:02+00:00","dateModified":"2026-02-06T12:03:19+00:00","description":"Batea ofereix un entorn singular on l'arquitectura i l'atmosfera acompanyen cada celebraci\u00f3. Descobreix els espais que acullen els nostres esdeveniments.","breadcrumb":{"@id":"https:\/\/www.bateabarcelona.com\/ca\/esdeveniments\/#breadcrumb"},"inLanguage":"ca","potentialAction":[{"@type":"ReadAction","target":["https:\/\/www.bateabarcelona.com\/ca\/esdeveniments\/"]}]},{"@type":"ImageObject","inLanguage":"ca","@id":"https:\/\/www.bateabarcelona.com\/ca\/esdeveniments\/#primaryimage","url":"https:\/\/www.bateabarcelona.com\/wp-content\/uploads\/2025\/11\/Recurso-2-777x1024.png","contentUrl":"https:\/\/www.bateabarcelona.com\/wp-content\/uploads\/2025\/11\/Recurso-2-777x1024.png"},{"@type":"BreadcrumbList","@id":"https:\/\/www.bateabarcelona.com\/ca\/esdeveniments\/#breadcrumb","itemListElement":[{"@type":"ListItem","position":1,"name":"Portada","item":"https:\/\/www.bateabarcelona.com\/ca\/batea\/"},{"@type":"ListItem","position":2,"name":"Eventos CA"}]},{"@type":"WebSite","@id":"https:\/\/www.bateabarcelona.com\/ca\/#website","url":"https:\/\/www.bateabarcelona.com\/ca\/","name":"BATEA","description":"","publisher":{"@id":"https:\/\/www.bateabarcelona.com\/ca\/#organization"},"potentialAction":[{"@type":"SearchAction","target":{"@type":"EntryPoint","urlTemplate":"https:\/\/www.bateabarcelona.com\/ca\/?s={search_term_string}"},"query-input":{"@type":"PropertyValueSpecification","valueRequired":true,"valueName":"search_term_string"}}],"inLanguage":"ca"},{"@type":"Organization","@id":"https:\/\/www.bateabarcelona.com\/ca\/#organization","name":"BATEA","url":"https:\/\/www.bateabarcelona.com\/ca\/","logo":{"@type":"ImageObject","inLanguage":"ca","@id":"https:\/\/www.bateabarcelona.com\/ca\/#\/schema\/logo\/image\/","url":"https:\/\/www.bateabarcelona.com\/wp-content\/uploads\/2025\/11\/BATEA_LOGO.svg","contentUrl":"https:\/\/www.bateabarcelona.com\/wp-content\/uploads\/2025\/11\/BATEA_LOGO.svg","width":841,"height":295,"caption":"BATEA"},"image":{"@id":"https:\/\/www.bateabarcelona.com\/ca\/#\/schema\/logo\/image\/"}}]}},"_links":{"self":[{"href":"https:\/\/www.bateabarcelona.com\/ca\/wp-json\/wp\/v2\/pages\/1273","targetHints":{"allow":["GET"]}}],"collection":[{"href":"https:\/\/www.bateabarcelona.com\/ca\/wp-json\/wp\/v2\/pages"}],"about":[{"href":"https:\/\/www.bateabarcelona.com\/ca\/wp-json\/wp\/v2\/types\/page"}],"author":[{"embeddable":true,"href":"https:\/\/www.bateabarcelona.com\/ca\/wp-json\/wp\/v2\/users\/1"}],"replies":[{"embeddable":true,"href":"https:\/\/www.bateabarcelona.com\/ca\/wp-json\/wp\/v2\/comments?post=1273"}],"version-history":[{"count":5,"href":"https:\/\/www.bateabarcelona.com\/ca\/wp-json\/wp\/v2\/pages\/1273\/revisions"}],"predecessor-version":[{"id":1322,"href":"https:\/\/www.bateabarcelona.com\/ca\/wp-json\/wp\/v2\/pages\/1273\/revisions\/1322"}],"wp:attachment":[{"href":"https:\/\/www.bateabarcelona.com\/ca\/wp-json\/wp\/v2\/media?parent=1273"}],"curies":[{"name":"wp","href":"https:\/\/api.w.org\/{rel}","templated":true}]}}