{"id":1280,"date":"2026-02-02T19:28:32","date_gmt":"2026-02-02T17:28:32","guid":{"rendered":"https:\/\/www.bateabarcelona.com\/politica-de-cookies\/"},"modified":"2026-02-06T14:08:28","modified_gmt":"2026-02-06T12:08:28","slug":"politica-de-cookies","status":"publish","type":"page","link":"https:\/\/www.bateabarcelona.com\/ca\/politica-de-cookies\/","title":{"rendered":"Pol\u00edtica de Cookies CA"},"content":{"rendered":"\t\t<div data-elementor-type=\"wp-page\" data-elementor-id=\"1280\" class=\"elementor elementor-1280 elementor-1096\" data-elementor-post-type=\"page\">\n\t\t\t\t<div class=\"elementor-element elementor-element-825c7a2 e-flex e-con-boxed e-con e-parent\" data-id=\"825c7a2\" data-element_type=\"container\" data-e-type=\"container\">\n\t\t\t\t\t<div class=\"e-con-inner\">\n\t\t\t\t<div class=\"elementor-element elementor-element-64027fa elementor-widget elementor-widget-heading\" data-id=\"64027fa\" data-element_type=\"widget\" data-e-type=\"widget\" data-widget_type=\"heading.default\">\n\t\t\t\t\t<h2 class=\"elementor-heading-title elementor-size-default\">Pol\u00edtica de Cookies<\/h2>\t\t\t\t<\/div>\n\t\t\t\t<div class=\"elementor-element elementor-element-6a5642d elementor-widget elementor-widget-text-editor\" data-id=\"6a5642d\" data-element_type=\"widget\" data-e-type=\"widget\" data-widget_type=\"text-editor.default\">\n\t\t\t\t\t\t\t\t\t<p><strong>El titular d&#8217;aquest lloc web (d&#8217;ara endavant, el \u00abLloc web\u00bb) informa els usuaris que pot utilitzar dispositius d&#8217;emmagatzematge i recuperaci\u00f3 de dades (de manera gen\u00e8rica, denominats \u201ccookies\u201d) quan un usuari navega pel Lloc web.<\/strong><\/p><p><strong>\u00bfQu\u00e8 s\u00f3n les cookies?<\/strong><\/p><p>Les cookies s\u00f3n petits arxius de text que s&#8217;emmagatzemen en el teu dispositiu (ordinador, tel\u00e8fon m\u00f2bil, tauleta, etc.) quan visites un lloc web. Aquests arxius permeten que el lloc web recordi les teves accions i prefer\u00e8ncies (com l&#8217;inici de sessi\u00f3, l&#8217;idioma, la grand\u00e0ria de font i altres opcions de visualitzaci\u00f3) durant un per\u00edode de temps, perqu\u00e8 no hagis de tornar a configurar-les cada vegada que tornis al lloc o naveguis per les seves p\u00e0gines. <\/p><p><strong>\u00bfQuines cookies utilitzem i per a qu\u00e8?<\/strong><\/p><p>Al el nostre Lloc web, utilitzem diferents tipus de cookies amb diferents prop\u00f2sits. A continuaci\u00f3, detallem les cookies que podries trobar: <\/p><ol><li><strong>Cookies estrictament necess\u00e0ries<\/strong><\/li><\/ol><p>Aquestes cookies s\u00f3n essencials perqu\u00e8 el Lloc web funcioni correctament i no es poden desactivar en els nostres sistemes, per estar excloses de l&#8217;\u00e0mbit d&#8217;aplicaci\u00f3 de l&#8217;article 22.2 de la <em>Llei 34\/2002, d&#8217;11 de juliol, de serveis de la societat de la informaci\u00f3 i de comer\u00e7 electr\u00f2nic<\/em>. Generalment, nom\u00e9s es configuren en resposta a accions realitzades per tu que equivalen a una sol\u00b7licitud de serveis, com establir les teves prefer\u00e8ncies de privacitat, iniciar sessi\u00f3 o emplenar formularis. Pots configurar el teu navegador per a bloquejar o alertar-te sobre aquestes cookies, per\u00f2 si les bloqueges, algunes parts del lloc no funcionaran.  <\/p><ul><li><strong>Cookies de WordPress<\/strong>: WordPress, la plataforma en la qual es construeix aquest lloc, utilitza cookies per al seu funcionament b\u00e0sic. Aquestes cookies s\u00f3n necess\u00e0ries per a gestionar sessions d&#8217;usuari, autenticaci\u00f3 i la configuraci\u00f3 de la interf\u00edcie. Per exemple, wordpress_test_*cookies&#8217;utilitza per a comprovar si el navegador de l&#8217;usuari accepta cookies.  <\/li><\/ul><p> <\/p><ol start=\"2\"><li><strong>Cookies de rendiment i anal\u00edtiques<\/strong><\/li><\/ol><p>Aquestes cookies ens permeten comptar les visites i les fonts de tr\u00e0nsit perqu\u00e8 puguem mesurar i millorar el rendiment del nostre lloc. Ens ajuden a saber quines p\u00e0gines s\u00f3n les m\u00e9s i les menys populars i veure com es mouen els visitants pel lloc. La informaci\u00f3 que recullen aquestes cookies \u00e9s agregada i, per tant, an\u00f2nima.  <\/p><ul><li><strong>Cookies de Google Analytics: <\/strong>Utilitzem Google Analytics per a comprendre millor com els visitants interactuen amb el nostre Lloc web. Aquestes cookies recopilen informaci\u00f3 de manera an\u00f2nima, com el nombre de visitants, d&#8217;on provenen i les p\u00e0gines que han visitat. Els noms de les cookies poden variar, per\u00f2 t\u00edpicament inclouen:  <ul><li><strong>_ga:<\/strong> Registra una identificaci\u00f3 \u00fanica que s&#8217;utilitza per a generar dades estad\u00edstiques sobre com utilitza el visitant el Lloc web.<\/li><li><strong>_gid:<\/strong> Registra una identificaci\u00f3 \u00fanica que s&#8217;utilitza per a generar dades estad\u00edstiques sobre com utilitza el visitant el Lloc web.<\/li><li><strong>_gat: <\/strong>Utilitzada per Google Analytics per a limitar la taxa de sol\u00b7licituds.<\/li><\/ul><\/li><\/ul><p> <\/p><ol start=\"3\"><li><strong>Cookies de funcionalitat i de tercers<\/strong><\/li><\/ol><p>Aquestes cookies s&#8217;utilitzen per a millorar la funcionalitat i la personalitzaci\u00f3 del lloc. Poden ser establertes per nosaltres o per prove\u00efdors de serveis externs les eines dels quals hem agregat a les nostres p\u00e0gines. <\/p><p>Aquest Lloc web no assumeix cap responsabilitat de cap mena sobre les p\u00e0gines web de tercers que apareguin vinculades en aquest Lloc. En pr\u00e9mer sobre un enlla\u00e7 a una altra p\u00e0gina web o de tercers relacionats, recordi que aquestes p\u00e0gines tenen la seva pr\u00f2pia pol\u00edtica de privacitat. Si us plau, abans d&#8217;usar aquestes p\u00e0gines web conegui la seva pol\u00edtica de privacitat.  <\/p><ul><li><strong>Cookies de Elementor: <\/strong>El nostre lloc utilitza el constructor de p\u00e0gines Elementor. Aquest pluginpot utilitzar cookies per a emmagatzemar prefer\u00e8ncies i configuracions de l&#8217;usuari, permetent una millor experi\u00e8ncia de navegaci\u00f3 i de visualitzaci\u00f3 del contingut. <\/li><\/ul><p> <\/p><p><strong>Gesti\u00f3 de les teves prefer\u00e8ncies de cookies<\/strong><\/p><p>El Lloc web mostra informaci\u00f3 sobre la seva Pol\u00edtica de cookies en la part inferior de qualsevol p\u00e0gina del portal amb cada inici de sessi\u00f3 i el consentiment \u00e9s sol\u00b7licitat mitjan\u00e7ant una acci\u00f3 afirmativa per part de l&#8217;Usuari abans d&#8217;establir cookies, excepte per a les legalment necess\u00e0ries i aquests consentiments es recaptaran i emmagatzemaran de mode segur.<\/p><p>Davant aquesta informaci\u00f3 \u00e9s possible dur a terme les seg\u00fcents accions:<\/p><ol><li><strong>Acceptar cookies.<\/strong> No es tornar\u00e0 a visualitzar aquest av\u00eds en accedir a qualsevol p\u00e0gina del portal durant la present sessi\u00f3. Aquesta acceptaci\u00f3 caducar\u00e0 als 12 mesos quan es tornar\u00e0 a recaptar aquesta acci\u00f3. <\/li><li><strong>Modificar la seva configuraci\u00f3.<\/strong> Pots modificar les teves prefer\u00e8ncies aqu\u00ed per a acceptar, rebutjar o revocar el consentiment de l&#8217;\u00fas de cookies en qualsevol moment, aix\u00ed com a trav\u00e9s de la configuraci\u00f3 del teu navegador. En els enlla\u00e7os que es detallen a continuaci\u00f3, l&#8217;usuari trobar\u00e0 m\u00e9s informaci\u00f3 sobre com gestionar l&#8217;\u00fas de cookies i deshabilitar-les per a revocar el consentiment, depenent del navegador utilitzat: <ol><li><a href=\"https:\/\/support.mozilla.org\/es\/kb\/habilitar-y-deshabilitar-cookies-que-los-sitios-we\" target=\"_blank\" rel=\"noopener\"><strong>Firefox<\/strong><\/a><\/li><li><a href=\"http:\/\/support.google.com\/chrome\/bin\/answer.py?hl=es&amp;answer=95647\" target=\"_blank\" rel=\"noopener\"><strong>Chrome<\/strong><\/a><\/li><li><a href=\"http:\/\/support.apple.com\/kb\/ht1677?viewlocale=es_ES%20o%20http:\/\/support.apple.com\/kb\/ph5042\" target=\"_blank\" rel=\"noopener\" data-wplink-url-error=\"true\"><strong>Safari<\/strong><\/a><\/li><li><a href=\"http:\/\/windows.microsoft.com\/es-es\/windows7\/how-to-manage-cookies-in-internet-explorer-9\" target=\"_blank\" rel=\"noopener\"><strong>Explorer<\/strong><\/a><\/li><\/ol><\/li><\/ol><p> <\/p><p>Tingues en compte que, si deshabilites les cookies, algunes funcionalitats d&#8217;aquest Lloc web poden no estar disponibles o no funcionar correctament.<\/p><p>Si tens alguna pregunta sobre la nostra pol\u00edtica de cookies, no dubtis a contactar-nos a trav\u00e9s de la nostra p\u00e0gina d&#8217;<a href=\"info@bateabarcelona.com\">info@bateabarcelona.com<\/a>.<\/p>\t\t\t\t\t\t\t\t<\/div>\n\t\t\t\t\t<\/div>\n\t\t\t\t<\/div>\n\t\t\t\t<\/div>\n\t\t","protected":false},"excerpt":{"rendered":"<p>Pol\u00edtica de Cookies El titular d&#8217;aquest lloc web (d&#8217;ara endavant, el \u00abLloc web\u00bb) informa els usuaris que pot utilitzar dispositius d&#8217;emmagatzematge i recuperaci\u00f3 de dades (de manera gen\u00e8rica, denominats \u201ccookies\u201d) quan un usuari navega pel Lloc web. \u00bfQu\u00e8 s\u00f3n les cookies? Les cookies s\u00f3n petits arxius de text que s&#8217;emmagatzemen en el teu dispositiu (ordinador, [&hellip;]<\/p>\n","protected":false},"author":1,"featured_media":0,"parent":0,"menu_order":0,"comment_status":"closed","ping_status":"closed","template":"elementor_header_footer","meta":{"footnotes":""},"class_list":["post-1280","page","type-page","status-publish","hentry"],"yoast_head":"<!-- This site is optimized with the Yoast SEO plugin v26.9 - https:\/\/yoast.com\/product\/yoast-seo-wordpress\/ -->\n<title>Pol\u00edtica de Cookies CA - BATEA<\/title>\n<meta name=\"robots\" content=\"index, follow, max-snippet:-1, max-image-preview:large, max-video-preview:-1\" \/>\n<link rel=\"canonical\" href=\"https:\/\/www.bateabarcelona.com\/ca\/politica-de-cookies\/\" \/>\n<meta property=\"og:locale\" content=\"ca_ES\" \/>\n<meta property=\"og:type\" content=\"article\" \/>\n<meta property=\"og:title\" content=\"Pol\u00edtica de Cookies CA - BATEA\" \/>\n<meta property=\"og:description\" content=\"Pol\u00edtica de Cookies El titular d&#8217;aquest lloc web (d&#8217;ara endavant, el \u00abLloc web\u00bb) informa els usuaris que pot utilitzar dispositius d&#8217;emmagatzematge i recuperaci\u00f3 de dades (de manera gen\u00e8rica, denominats \u201ccookies\u201d) quan un usuari navega pel Lloc web. \u00bfQu\u00e8 s\u00f3n les cookies? Les cookies s\u00f3n petits arxius de text que s&#8217;emmagatzemen en el teu dispositiu (ordinador, [&hellip;]\" \/>\n<meta property=\"og:url\" content=\"https:\/\/www.bateabarcelona.com\/ca\/politica-de-cookies\/\" \/>\n<meta property=\"og:site_name\" content=\"BATEA\" \/>\n<meta property=\"article:modified_time\" content=\"2026-02-06T12:08:28+00:00\" \/>\n<meta name=\"twitter:card\" content=\"summary_large_image\" \/>\n<meta name=\"twitter:label1\" content=\"Temps estimat de lectura\" \/>\n\t<meta name=\"twitter:data1\" content=\"4 minuts\" \/>\n<script type=\"application\/ld+json\" class=\"yoast-schema-graph\">{\"@context\":\"https:\/\/schema.org\",\"@graph\":[{\"@type\":\"WebPage\",\"@id\":\"https:\/\/www.bateabarcelona.com\/ca\/politica-de-cookies\/\",\"url\":\"https:\/\/www.bateabarcelona.com\/ca\/politica-de-cookies\/\",\"name\":\"Pol\u00edtica de Cookies CA - BATEA\",\"isPartOf\":{\"@id\":\"https:\/\/www.bateabarcelona.com\/ca\/#website\"},\"datePublished\":\"2026-02-02T17:28:32+00:00\",\"dateModified\":\"2026-02-06T12:08:28+00:00\",\"breadcrumb\":{\"@id\":\"https:\/\/www.bateabarcelona.com\/ca\/politica-de-cookies\/#breadcrumb\"},\"inLanguage\":\"ca\",\"potentialAction\":[{\"@type\":\"ReadAction\",\"target\":[\"https:\/\/www.bateabarcelona.com\/ca\/politica-de-cookies\/\"]}]},{\"@type\":\"BreadcrumbList\",\"@id\":\"https:\/\/www.bateabarcelona.com\/ca\/politica-de-cookies\/#breadcrumb\",\"itemListElement\":[{\"@type\":\"ListItem\",\"position\":1,\"name\":\"Portada\",\"item\":\"https:\/\/www.bateabarcelona.com\/ca\/batea\/\"},{\"@type\":\"ListItem\",\"position\":2,\"name\":\"Pol\u00edtica de Cookies CA\"}]},{\"@type\":\"WebSite\",\"@id\":\"https:\/\/www.bateabarcelona.com\/ca\/#website\",\"url\":\"https:\/\/www.bateabarcelona.com\/ca\/\",\"name\":\"BATEA\",\"description\":\"\",\"publisher\":{\"@id\":\"https:\/\/www.bateabarcelona.com\/ca\/#organization\"},\"potentialAction\":[{\"@type\":\"SearchAction\",\"target\":{\"@type\":\"EntryPoint\",\"urlTemplate\":\"https:\/\/www.bateabarcelona.com\/ca\/?s={search_term_string}\"},\"query-input\":{\"@type\":\"PropertyValueSpecification\",\"valueRequired\":true,\"valueName\":\"search_term_string\"}}],\"inLanguage\":\"ca\"},{\"@type\":\"Organization\",\"@id\":\"https:\/\/www.bateabarcelona.com\/ca\/#organization\",\"name\":\"BATEA\",\"url\":\"https:\/\/www.bateabarcelona.com\/ca\/\",\"logo\":{\"@type\":\"ImageObject\",\"inLanguage\":\"ca\",\"@id\":\"https:\/\/www.bateabarcelona.com\/ca\/#\/schema\/logo\/image\/\",\"url\":\"https:\/\/www.bateabarcelona.com\/wp-content\/uploads\/2025\/11\/BATEA_LOGO.svg\",\"contentUrl\":\"https:\/\/www.bateabarcelona.com\/wp-content\/uploads\/2025\/11\/BATEA_LOGO.svg\",\"width\":841,\"height\":295,\"caption\":\"BATEA\"},\"image\":{\"@id\":\"https:\/\/www.bateabarcelona.com\/ca\/#\/schema\/logo\/image\/\"}}]}<\/script>\n<!-- \/ Yoast SEO plugin. -->","yoast_head_json":{"title":"Pol\u00edtica de Cookies CA - BATEA","robots":{"index":"index","follow":"follow","max-snippet":"max-snippet:-1","max-image-preview":"max-image-preview:large","max-video-preview":"max-video-preview:-1"},"canonical":"https:\/\/www.bateabarcelona.com\/ca\/politica-de-cookies\/","og_locale":"ca_ES","og_type":"article","og_title":"Pol\u00edtica de Cookies CA - BATEA","og_description":"Pol\u00edtica de Cookies El titular d&#8217;aquest lloc web (d&#8217;ara endavant, el \u00abLloc web\u00bb) informa els usuaris que pot utilitzar dispositius d&#8217;emmagatzematge i recuperaci\u00f3 de dades (de manera gen\u00e8rica, denominats \u201ccookies\u201d) quan un usuari navega pel Lloc web. \u00bfQu\u00e8 s\u00f3n les cookies? Les cookies s\u00f3n petits arxius de text que s&#8217;emmagatzemen en el teu dispositiu (ordinador, [&hellip;]","og_url":"https:\/\/www.bateabarcelona.com\/ca\/politica-de-cookies\/","og_site_name":"BATEA","article_modified_time":"2026-02-06T12:08:28+00:00","twitter_card":"summary_large_image","twitter_misc":{"Temps estimat de lectura":"4 minuts"},"schema":{"@context":"https:\/\/schema.org","@graph":[{"@type":"WebPage","@id":"https:\/\/www.bateabarcelona.com\/ca\/politica-de-cookies\/","url":"https:\/\/www.bateabarcelona.com\/ca\/politica-de-cookies\/","name":"Pol\u00edtica de Cookies CA - BATEA","isPartOf":{"@id":"https:\/\/www.bateabarcelona.com\/ca\/#website"},"datePublished":"2026-02-02T17:28:32+00:00","dateModified":"2026-02-06T12:08:28+00:00","breadcrumb":{"@id":"https:\/\/www.bateabarcelona.com\/ca\/politica-de-cookies\/#breadcrumb"},"inLanguage":"ca","potentialAction":[{"@type":"ReadAction","target":["https:\/\/www.bateabarcelona.com\/ca\/politica-de-cookies\/"]}]},{"@type":"BreadcrumbList","@id":"https:\/\/www.bateabarcelona.com\/ca\/politica-de-cookies\/#breadcrumb","itemListElement":[{"@type":"ListItem","position":1,"name":"Portada","item":"https:\/\/www.bateabarcelona.com\/ca\/batea\/"},{"@type":"ListItem","position":2,"name":"Pol\u00edtica de Cookies CA"}]},{"@type":"WebSite","@id":"https:\/\/www.bateabarcelona.com\/ca\/#website","url":"https:\/\/www.bateabarcelona.com\/ca\/","name":"BATEA","description":"","publisher":{"@id":"https:\/\/www.bateabarcelona.com\/ca\/#organization"},"potentialAction":[{"@type":"SearchAction","target":{"@type":"EntryPoint","urlTemplate":"https:\/\/www.bateabarcelona.com\/ca\/?s={search_term_string}"},"query-input":{"@type":"PropertyValueSpecification","valueRequired":true,"valueName":"search_term_string"}}],"inLanguage":"ca"},{"@type":"Organization","@id":"https:\/\/www.bateabarcelona.com\/ca\/#organization","name":"BATEA","url":"https:\/\/www.bateabarcelona.com\/ca\/","logo":{"@type":"ImageObject","inLanguage":"ca","@id":"https:\/\/www.bateabarcelona.com\/ca\/#\/schema\/logo\/image\/","url":"https:\/\/www.bateabarcelona.com\/wp-content\/uploads\/2025\/11\/BATEA_LOGO.svg","contentUrl":"https:\/\/www.bateabarcelona.com\/wp-content\/uploads\/2025\/11\/BATEA_LOGO.svg","width":841,"height":295,"caption":"BATEA"},"image":{"@id":"https:\/\/www.bateabarcelona.com\/ca\/#\/schema\/logo\/image\/"}}]}},"_links":{"self":[{"href":"https:\/\/www.bateabarcelona.com\/ca\/wp-json\/wp\/v2\/pages\/1280","targetHints":{"allow":["GET"]}}],"collection":[{"href":"https:\/\/www.bateabarcelona.com\/ca\/wp-json\/wp\/v2\/pages"}],"about":[{"href":"https:\/\/www.bateabarcelona.com\/ca\/wp-json\/wp\/v2\/types\/page"}],"author":[{"embeddable":true,"href":"https:\/\/www.bateabarcelona.com\/ca\/wp-json\/wp\/v2\/users\/1"}],"replies":[{"embeddable":true,"href":"https:\/\/www.bateabarcelona.com\/ca\/wp-json\/wp\/v2\/comments?post=1280"}],"version-history":[{"count":4,"href":"https:\/\/www.bateabarcelona.com\/ca\/wp-json\/wp\/v2\/pages\/1280\/revisions"}],"predecessor-version":[{"id":1331,"href":"https:\/\/www.bateabarcelona.com\/ca\/wp-json\/wp\/v2\/pages\/1280\/revisions\/1331"}],"wp:attachment":[{"href":"https:\/\/www.bateabarcelona.com\/ca\/wp-json\/wp\/v2\/media?parent=1280"}],"curies":[{"name":"wp","href":"https:\/\/api.w.org\/{rel}","templated":true}]}}