{"id":1295,"date":"2025-12-18T19:38:38","date_gmt":"2025-12-18T17:38:38","guid":{"rendered":"https:\/\/www.bateabarcelona.com\/sobre-nosaltres\/"},"modified":"2026-02-06T14:02:47","modified_gmt":"2026-02-06T12:02:47","slug":"sobre-nosaltres","status":"publish","type":"page","link":"https:\/\/www.bateabarcelona.com\/ca\/sobre-nosaltres\/","title":{"rendered":"Sobre Nosotros CA"},"content":{"rendered":"\t\t<div data-elementor-type=\"wp-page\" data-elementor-id=\"1295\" class=\"elementor elementor-1295 elementor-734\" data-elementor-post-type=\"page\">\n\t\t\t\t<div class=\"elementor-element elementor-element-e2bac7c e-flex e-con-boxed e-con e-parent\" data-id=\"e2bac7c\" data-element_type=\"container\" data-e-type=\"container\" data-settings=\"{&quot;background_background&quot;:&quot;classic&quot;}\">\n\t\t\t\t\t<div class=\"e-con-inner\">\n\t\t\t\t<div class=\"elementor-element elementor-element-9da9e0f elementor-widget elementor-widget-heading\" data-id=\"9da9e0f\" data-element_type=\"widget\" data-e-type=\"widget\" data-widget_type=\"heading.default\">\n\t\t\t\t\t<h2 class=\"elementor-heading-title elementor-size-default\">Sobre nosaltres<\/h2>\t\t\t\t<\/div>\n\t\t\t\t\t<\/div>\n\t\t\t\t<\/div>\n\t\t<div class=\"elementor-element elementor-element-20c07b9 e-con-full e-flex e-con e-parent\" data-id=\"20c07b9\" data-element_type=\"container\" data-e-type=\"container\">\n\t\t<div class=\"elementor-element elementor-element-9190d52 e-con-full e-flex e-con e-child\" data-id=\"9190d52\" data-element_type=\"container\" data-e-type=\"container\" data-settings=\"{&quot;background_background&quot;:&quot;classic&quot;}\">\n\t\t\t\t<\/div>\n\t\t<div class=\"elementor-element elementor-element-364df7a e-con-full e-flex e-con e-child\" data-id=\"364df7a\" data-element_type=\"container\" data-e-type=\"container\" data-settings=\"{&quot;background_background&quot;:&quot;classic&quot;}\">\n\t\t\t\t<div class=\"elementor-element elementor-element-71a22eb elementor-widget__width-auto elementor-invisible elementor-widget elementor-widget-heading\" data-id=\"71a22eb\" data-element_type=\"widget\" data-e-type=\"widget\" data-settings=\"{&quot;_animation&quot;:&quot;fadeInUp&quot;}\" data-widget_type=\"heading.default\">\n\t\t\t\t\t<h2 class=\"elementor-heading-title elementor-size-default\">EN LA SALA:<br>MARTA MORALES<\/h2>\t\t\t\t<\/div>\n\t\t\t\t<div class=\"elementor-element elementor-element-6313144 elementor-widget__width-initial elementor-invisible elementor-widget elementor-widget-text-editor\" data-id=\"6313144\" data-element_type=\"widget\" data-e-type=\"widget\" data-settings=\"{&quot;_animation&quot;:&quot;fadeInUp&quot;}\" data-widget_type=\"text-editor.default\">\n\t\t\t\t\t\t\t\t\t<p>T\u00e8cnica de Comer\u00e7 Internacional i diplomada en Ci\u00e8ncies Empresarials per la Universitat de Barcelona. Va treballar m\u00e9s de vuit anys en el sector de la consultoria d&#8217;empreses. Va donar un gir a la seva vida formant-se primer amb el mestre cocteler Paco Bretau en Slow Barcelona. Posteriorment, va treballar per a Soho House Barcelona i es va traslladar a Estocolm (Su\u00e8cia) on va adquirir una altra visi\u00f3 del m\u00f3n com a bartender a Hobo de la cadena hotelera Nordic Choice i per a la marca d&#8217;espirituosos Absolut. Despr\u00e9s d&#8217;aquesta experi\u00e8ncia, va tornar a Barcelona i va ser encarregada del restaurant Santagustina al Born, on va introduir la cocteleria i la formaci\u00f3 dels treballadors.    <\/p>\t\t\t\t\t\t\t\t<\/div>\n\t\t\t\t<\/div>\n\t\t\t\t<\/div>\n\t\t<div class=\"elementor-element elementor-element-1199afa e-con-full e-flex e-con e-parent\" data-id=\"1199afa\" data-element_type=\"container\" data-e-type=\"container\">\n\t\t<div class=\"elementor-element elementor-element-f73f30c e-con-full e-flex e-con e-child\" data-id=\"f73f30c\" data-element_type=\"container\" data-e-type=\"container\" data-settings=\"{&quot;background_background&quot;:&quot;classic&quot;}\">\n\t\t\t\t<\/div>\n\t\t<div class=\"elementor-element elementor-element-c4c2544 e-con-full e-flex e-con e-child\" data-id=\"c4c2544\" data-element_type=\"container\" data-e-type=\"container\" data-settings=\"{&quot;background_background&quot;:&quot;classic&quot;}\">\n\t\t\t\t<div class=\"elementor-element elementor-element-d70a67c elementor-widget__width-auto elementor-invisible elementor-widget elementor-widget-heading\" data-id=\"d70a67c\" data-element_type=\"widget\" data-e-type=\"widget\" data-settings=\"{&quot;_animation&quot;:&quot;fadeInUp&quot;}\" data-widget_type=\"heading.default\">\n\t\t\t\t\t<h2 class=\"elementor-heading-title elementor-size-default\">EL XEF:<br>MANU N\u00da\u00d1EZ<\/h2>\t\t\t\t<\/div>\n\t\t\t\t<div class=\"elementor-element elementor-element-bdfac35 elementor-widget__width-initial elementor-invisible elementor-widget elementor-widget-text-editor\" data-id=\"bdfac35\" data-element_type=\"widget\" data-e-type=\"widget\" data-settings=\"{&quot;_animation&quot;:&quot;fadeInUp&quot;}\" data-widget_type=\"text-editor.default\">\n\t\t\t\t\t\t\t\t\t<p>Despr\u00e9s de formar-se en el Centre Superior d&#8217;Hostaleria de Santiago, Manuel va passar per cuines com L&#8217;Empara i Casa Palaia. Ha treballat a Anglaterra, Alemanya i Luxemburg, i va ser concursant en Top Chef 2017. Poc abans havia obert Arume en el Raval, amb el qual va guanyar la Tapa de l&#8217;Any a Catalunya (2015). En 2018 es va traslladar a Su\u00e8cia, on va treballar en restaurants com Gastrologik, Ekstedt i Nook. El seu pas per la cuina n\u00f2rdica va transformar la seva visi\u00f3 culin\u00e0ria, marcada per l&#8217;equilibri entre el propi i el for\u00e0.    <\/p>\t\t\t\t\t\t\t\t<\/div>\n\t\t\t\t<\/div>\n\t\t\t\t<\/div>\n\t\t\t\t<\/div>\n\t\t","protected":false},"excerpt":{"rendered":"<p>Sobre nosaltres EN LA SALA:MARTA MORALES T\u00e8cnica de Comer\u00e7 Internacional i diplomada en Ci\u00e8ncies Empresarials per la Universitat de Barcelona. Va treballar m\u00e9s de vuit anys en el sector de la consultoria d&#8217;empreses. Va donar un gir a la seva vida formant-se primer amb el mestre cocteler Paco Bretau en Slow Barcelona. Posteriorment, va treballar [&hellip;]<\/p>\n","protected":false},"author":1,"featured_media":0,"parent":0,"menu_order":0,"comment_status":"closed","ping_status":"closed","template":"","meta":{"footnotes":""},"class_list":["post-1295","page","type-page","status-publish","hentry"],"yoast_head":"<!-- This site is optimized with the Yoast SEO plugin v26.9 - https:\/\/yoast.com\/product\/yoast-seo-wordpress\/ -->\n<title>Batea - Sobre nosaltres<\/title>\n<meta name=\"description\" content=\"Batea proposa una renovaci\u00f3 en la concepci\u00f3 de la marisqueria convencional, adoptant un enfocament informal, rotund i gens elitista.\" \/>\n<meta name=\"robots\" content=\"index, follow, max-snippet:-1, max-image-preview:large, max-video-preview:-1\" \/>\n<link rel=\"canonical\" href=\"https:\/\/www.bateabarcelona.com\/ca\/sobre-nosaltres\/\" \/>\n<meta property=\"og:locale\" content=\"ca_ES\" \/>\n<meta property=\"og:type\" content=\"article\" \/>\n<meta property=\"og:title\" content=\"Batea - Sobre nosaltres\" \/>\n<meta property=\"og:description\" content=\"Batea proposa una renovaci\u00f3 en la concepci\u00f3 de la marisqueria convencional, adoptant un enfocament informal, rotund i gens elitista.\" \/>\n<meta property=\"og:url\" content=\"https:\/\/www.bateabarcelona.com\/ca\/sobre-nosaltres\/\" \/>\n<meta property=\"og:site_name\" content=\"BATEA\" \/>\n<meta property=\"article:modified_time\" content=\"2026-02-06T12:02:47+00:00\" \/>\n<meta name=\"twitter:card\" content=\"summary_large_image\" \/>\n<meta name=\"twitter:label1\" content=\"Temps estimat de lectura\" \/>\n\t<meta name=\"twitter:data1\" content=\"1 minut\" \/>\n<script type=\"application\/ld+json\" class=\"yoast-schema-graph\">{\"@context\":\"https:\/\/schema.org\",\"@graph\":[{\"@type\":\"WebPage\",\"@id\":\"https:\/\/www.bateabarcelona.com\/ca\/sobre-nosaltres\/\",\"url\":\"https:\/\/www.bateabarcelona.com\/ca\/sobre-nosaltres\/\",\"name\":\"Batea - Sobre nosaltres\",\"isPartOf\":{\"@id\":\"https:\/\/www.bateabarcelona.com\/ca\/#website\"},\"datePublished\":\"2025-12-18T17:38:38+00:00\",\"dateModified\":\"2026-02-06T12:02:47+00:00\",\"description\":\"Batea proposa una renovaci\u00f3 en la concepci\u00f3 de la marisqueria convencional, adoptant un enfocament informal, rotund i gens elitista.\",\"breadcrumb\":{\"@id\":\"https:\/\/www.bateabarcelona.com\/ca\/sobre-nosaltres\/#breadcrumb\"},\"inLanguage\":\"ca\",\"potentialAction\":[{\"@type\":\"ReadAction\",\"target\":[\"https:\/\/www.bateabarcelona.com\/ca\/sobre-nosaltres\/\"]}]},{\"@type\":\"BreadcrumbList\",\"@id\":\"https:\/\/www.bateabarcelona.com\/ca\/sobre-nosaltres\/#breadcrumb\",\"itemListElement\":[{\"@type\":\"ListItem\",\"position\":1,\"name\":\"Portada\",\"item\":\"https:\/\/www.bateabarcelona.com\/ca\/batea\/\"},{\"@type\":\"ListItem\",\"position\":2,\"name\":\"Sobre Nosotros CA\"}]},{\"@type\":\"WebSite\",\"@id\":\"https:\/\/www.bateabarcelona.com\/ca\/#website\",\"url\":\"https:\/\/www.bateabarcelona.com\/ca\/\",\"name\":\"BATEA\",\"description\":\"\",\"publisher\":{\"@id\":\"https:\/\/www.bateabarcelona.com\/ca\/#organization\"},\"potentialAction\":[{\"@type\":\"SearchAction\",\"target\":{\"@type\":\"EntryPoint\",\"urlTemplate\":\"https:\/\/www.bateabarcelona.com\/ca\/?s={search_term_string}\"},\"query-input\":{\"@type\":\"PropertyValueSpecification\",\"valueRequired\":true,\"valueName\":\"search_term_string\"}}],\"inLanguage\":\"ca\"},{\"@type\":\"Organization\",\"@id\":\"https:\/\/www.bateabarcelona.com\/ca\/#organization\",\"name\":\"BATEA\",\"url\":\"https:\/\/www.bateabarcelona.com\/ca\/\",\"logo\":{\"@type\":\"ImageObject\",\"inLanguage\":\"ca\",\"@id\":\"https:\/\/www.bateabarcelona.com\/ca\/#\/schema\/logo\/image\/\",\"url\":\"https:\/\/www.bateabarcelona.com\/wp-content\/uploads\/2025\/11\/BATEA_LOGO.svg\",\"contentUrl\":\"https:\/\/www.bateabarcelona.com\/wp-content\/uploads\/2025\/11\/BATEA_LOGO.svg\",\"width\":841,\"height\":295,\"caption\":\"BATEA\"},\"image\":{\"@id\":\"https:\/\/www.bateabarcelona.com\/ca\/#\/schema\/logo\/image\/\"}}]}<\/script>\n<!-- \/ Yoast SEO plugin. -->","yoast_head_json":{"title":"Batea - Sobre nosaltres","description":"Batea proposa una renovaci\u00f3 en la concepci\u00f3 de la marisqueria convencional, adoptant un enfocament informal, rotund i gens elitista.","robots":{"index":"index","follow":"follow","max-snippet":"max-snippet:-1","max-image-preview":"max-image-preview:large","max-video-preview":"max-video-preview:-1"},"canonical":"https:\/\/www.bateabarcelona.com\/ca\/sobre-nosaltres\/","og_locale":"ca_ES","og_type":"article","og_title":"Batea - Sobre nosaltres","og_description":"Batea proposa una renovaci\u00f3 en la concepci\u00f3 de la marisqueria convencional, adoptant un enfocament informal, rotund i gens elitista.","og_url":"https:\/\/www.bateabarcelona.com\/ca\/sobre-nosaltres\/","og_site_name":"BATEA","article_modified_time":"2026-02-06T12:02:47+00:00","twitter_card":"summary_large_image","twitter_misc":{"Temps estimat de lectura":"1 minut"},"schema":{"@context":"https:\/\/schema.org","@graph":[{"@type":"WebPage","@id":"https:\/\/www.bateabarcelona.com\/ca\/sobre-nosaltres\/","url":"https:\/\/www.bateabarcelona.com\/ca\/sobre-nosaltres\/","name":"Batea - Sobre nosaltres","isPartOf":{"@id":"https:\/\/www.bateabarcelona.com\/ca\/#website"},"datePublished":"2025-12-18T17:38:38+00:00","dateModified":"2026-02-06T12:02:47+00:00","description":"Batea proposa una renovaci\u00f3 en la concepci\u00f3 de la marisqueria convencional, adoptant un enfocament informal, rotund i gens elitista.","breadcrumb":{"@id":"https:\/\/www.bateabarcelona.com\/ca\/sobre-nosaltres\/#breadcrumb"},"inLanguage":"ca","potentialAction":[{"@type":"ReadAction","target":["https:\/\/www.bateabarcelona.com\/ca\/sobre-nosaltres\/"]}]},{"@type":"BreadcrumbList","@id":"https:\/\/www.bateabarcelona.com\/ca\/sobre-nosaltres\/#breadcrumb","itemListElement":[{"@type":"ListItem","position":1,"name":"Portada","item":"https:\/\/www.bateabarcelona.com\/ca\/batea\/"},{"@type":"ListItem","position":2,"name":"Sobre Nosotros CA"}]},{"@type":"WebSite","@id":"https:\/\/www.bateabarcelona.com\/ca\/#website","url":"https:\/\/www.bateabarcelona.com\/ca\/","name":"BATEA","description":"","publisher":{"@id":"https:\/\/www.bateabarcelona.com\/ca\/#organization"},"potentialAction":[{"@type":"SearchAction","target":{"@type":"EntryPoint","urlTemplate":"https:\/\/www.bateabarcelona.com\/ca\/?s={search_term_string}"},"query-input":{"@type":"PropertyValueSpecification","valueRequired":true,"valueName":"search_term_string"}}],"inLanguage":"ca"},{"@type":"Organization","@id":"https:\/\/www.bateabarcelona.com\/ca\/#organization","name":"BATEA","url":"https:\/\/www.bateabarcelona.com\/ca\/","logo":{"@type":"ImageObject","inLanguage":"ca","@id":"https:\/\/www.bateabarcelona.com\/ca\/#\/schema\/logo\/image\/","url":"https:\/\/www.bateabarcelona.com\/wp-content\/uploads\/2025\/11\/BATEA_LOGO.svg","contentUrl":"https:\/\/www.bateabarcelona.com\/wp-content\/uploads\/2025\/11\/BATEA_LOGO.svg","width":841,"height":295,"caption":"BATEA"},"image":{"@id":"https:\/\/www.bateabarcelona.com\/ca\/#\/schema\/logo\/image\/"}}]}},"_links":{"self":[{"href":"https:\/\/www.bateabarcelona.com\/ca\/wp-json\/wp\/v2\/pages\/1295","targetHints":{"allow":["GET"]}}],"collection":[{"href":"https:\/\/www.bateabarcelona.com\/ca\/wp-json\/wp\/v2\/pages"}],"about":[{"href":"https:\/\/www.bateabarcelona.com\/ca\/wp-json\/wp\/v2\/types\/page"}],"author":[{"embeddable":true,"href":"https:\/\/www.bateabarcelona.com\/ca\/wp-json\/wp\/v2\/users\/1"}],"replies":[{"embeddable":true,"href":"https:\/\/www.bateabarcelona.com\/ca\/wp-json\/wp\/v2\/comments?post=1295"}],"version-history":[{"count":3,"href":"https:\/\/www.bateabarcelona.com\/ca\/wp-json\/wp\/v2\/pages\/1295\/revisions"}],"predecessor-version":[{"id":1311,"href":"https:\/\/www.bateabarcelona.com\/ca\/wp-json\/wp\/v2\/pages\/1295\/revisions\/1311"}],"wp:attachment":[{"href":"https:\/\/www.bateabarcelona.com\/ca\/wp-json\/wp\/v2\/media?parent=1295"}],"curies":[{"name":"wp","href":"https:\/\/api.w.org\/{rel}","templated":true}]}}